{"id":1398,"date":"2021-06-07T07:42:21","date_gmt":"2021-06-07T07:42:21","guid":{"rendered":"https:\/\/network-king.net\/?page_id=1398"},"modified":"2023-11-02T11:16:26","modified_gmt":"2023-11-02T11:16:26","slug":"nutzungsbedingungen","status":"publish","type":"page","link":"https:\/\/network-king.net\/de\/nutzungsbedingungen\/","title":{"rendered":"Nutzungsbedingungen"},"content":{"rendered":"\n<p><strong>Network King-NUTZUNGSBEDINGUNGEN<\/strong><\/p>\n\n\n\n<p><em>Version 1.0. Erste Ver\u00f6ffentlichung: 01. Juni 2020<\/em><br><em>Version 1.01. Aktualisiert am 04. Mai 2021<\/em><\/p>\n\n\n\n<p>Willkommen bei Network King! Danke, dass Sie Network King verwenden!<\/p>\n\n\n\n<p>Diese Anwendung und ihre Inhalte (&#8222;<strong>Network King<\/strong>&#8222;) werden von The Shift selbst kontrolliert und betrieben. <strong>Alle Rechte vorbehalten<\/strong>.<\/p>\n\n\n\n<p>In \u00dcbereinstimmung mit der Bestimmung des Art. 41 des Allgemeinen Datenschutzgesetzes ernennt Network King Fabio Tagnin, CTO, als Verantwortlichen f\u00fcr die Datenverarbeitung, der \u00fcber die folgende E-Mail-Adresse erreichbar ist: network-king@theshift.info<\/p>\n\n\n\n<p>Diese Nutzungsbedingungen haben den Zweck, die zu befolgenden Regeln f\u00fcr die Nutzung von Network King (\u201e<strong>Nutzungsbedingungen<\/strong>\u201c) zu definieren, unbeschadet der Anwendung der geltenden Gesetzgebung.<\/p>\n\n\n\n<p><strong>DURCH DIE NUTZUNG VON <em>NETWORK KING <\/em>ERKL\u00c4REN SIE SICH AUTOMATISCH MIT DIESEN NUTZUNGSBEDINGUNGEN EINVERSTANDEN UND TRAGEN DIE VOLLE VERANTWORTUNG F\u00dcR ALLE HANDLUNGEN, DIE SIE AUF <em>NETWORK KING <\/em>ODER DEN ZUGEH\u00d6RIGEN DIENSTEN VORNEHMEN. WENN SIE MIT EINER DER NACHSTEHENDEN BEDINGUNGEN NICHT EINVERSTANDEN SIND, D\u00dcRFEN SIE <em>NETWORK KING <\/em>NICHT BENUTZEN. STIMMEN SIE AUCH DEN BEDINGUNGEN ZU, DIE IN UNSERER DATENSCHUTZRICHTLINIE BESCHRIEBEN SIND, DIE HIER AUF DIESER WEBSITE VERF\u00dcGBAR IST.<\/strong><\/p>\n\n\n\n<p>Wenn Sie uns ein <em>Feedback zu <\/em>Network King geben m\u00f6chten, Fragen haben oder ein Anliegen im Zusammenhang mit diesen Nutzungsbedingungen ansprechen m\u00f6chten, kontaktieren Sie uns bitte unter network-king@theshift.info.<\/p>\n\n\n\n<p><strong>1. WAS IST NETWORK KING?<\/strong><\/p>\n\n\n\n<p><strong>1.1 Dienstleistungen. <\/strong>Network King ist eine Plattform, die folgende Dienstleistungen anbietet: Ver\u00f6ffentlichung auf einer Website von Nachrichten, Analysen und Berichten, Newslettern, Podcasts und Webinaren.<\/p>\n\n\n\n<p><strong>1.2 Ausschluss.<\/strong> Wir behalten uns das Recht vor, Ihren Zugriff auf die Anwendung jederzeit auszusetzen oder zu l\u00f6schen, wenn der Verdacht auf Betrug besteht, Sie sich auf unerlaubte Weise einen Nutzen oder Vorteil verschafft haben oder wenn Sie die Bedingungen dieser Nutzungsbedingungen, der Datenschutzrichtlinie oder geltende Gesetze nicht einhalten. In solchen F\u00e4llen steht Ihnen keine Entsch\u00e4digung zu, und Network King kann, falls erforderlich, geeignete Regressma\u00dfnahmen ergreifen sowie alle anderen Ma\u00dfnahmen ergreifen, die zur Verfolgung und zum Schutz Ihrer Interessen erforderlich sind.<\/p>\n\n\n\n<p><strong>2. WIE KANN ICH AUF NETWORK KING ZUGREIFEN?<\/strong><\/p>\n\n\n\n<p><strong>2.1 Zugriff. <\/strong>Um die Newsletter von Network King zu erhalten, auf die exklusiven Bereiche der Website zuzugreifen und deren Funktionalit\u00e4ten zu nutzen, ist eine Registrierung erforderlich. Um sich zu registrieren, stellen Sie uns pers\u00f6nliche Daten zur Verf\u00fcgung, wie in unserer Datenschutzrichtlinie beschrieben. Um mehr \u00fcber den Schutz Ihrer pers\u00f6nlichen Daten bei Network King zu erfahren, besuchen Sie bitte unsere Datenschutzrichtlinie.<\/p>\n\n\n\n<p><strong>2.2 Alter der Nutzung.<\/strong> Um Network King zu nutzen, m\u00fcssen Sie mindestens sechzehn (16) Jahre alt sein. Wenn Sie minderj\u00e4hrig sind, d\u00fcrfen Sie Network King nutzen, sofern Sie von Ihren Eltern oder Erziehungsberechtigten beaufsichtigt werden und sie diese Nutzungsbedingungen <strong>gelesen und ihnen ausdr\u00fccklich zugestimmt haben <\/strong>und ihre eigenen Zugangsdaten kontrollieren.<\/p>\n\n\n\n<p><strong>2.3 Eigentumsverh\u00e4ltnisse.<\/strong> Ab der Registrierung sind Sie Inhaber eines Kontos, auf das nur Sie zugreifen k\u00f6nnen. Sollte Network King feststellen, dass ein Konto aufgrund falscher Angaben erstellt wurde, z.&nbsp;B. von Nutzern, die das Mindestalter nicht erf\u00fcllen, wird dieses Konto automatisch gel\u00f6scht.<\/p>\n\n\n\n<p><strong>2.4 Aktualisieren von Informationen.<\/strong> Sie verpflichten sich hiermit, Ihre pers\u00f6nlichen Daten auf dem neuesten Stand zu halten. Sie erkl\u00e4ren sich au\u00dferdem damit einverstanden, dass Sie Ihr Login und Ihr Passwort sicher und f\u00fcr Dritte unzug\u00e4nglich aufbewahren (mit Ausnahme der Erziehungsberechtigten, wenn Sie minderj\u00e4hrig sind) und dass Sie nicht zulassen, dass Ihr Konto bei Network King von anderen genutzt wird. Sie sind daher f\u00fcr alle Handlungen verantwortlich, die \u00fcber Ihr Konto vorgenommen werden.<\/p>\n\n\n\n<p><strong>3. WELCHE RECHTE HAT NETWORK KING \u00dcBER DIE WEBSITE UND DIE ANWENDUNG?<\/strong><\/p>\n\n\n\n<p><strong>3.1 Unsere Rechte.<\/strong> Alle Rechte in Bezug auf Network King und seine Funktionalit\u00e4t sind ausschlie\u00dfliches Eigentum von Network King, auch in Bezug auf Texte, Bilder, Layouts, Software, Code, Datenbanken, Grafiken, Artikel, Fotos und andere Inhalte, die direkt oder indirekt von Network King erstellt wurden (\u201eNetwork King-Inhalte\u201c). Der Network King-Inhalt ist durch das Urheberrecht und das Recht auf geistiges Eigentum gesch\u00fctzt. Es ist nicht gestattet, die Inhalte von Network King ohne vorherige ausdr\u00fcckliche Zustimmung von Network King zu nutzen, zu kopieren, zu reproduzieren, zu modifizieren, zu \u00fcbersetzen, zu ver\u00f6ffentlichen, zu \u00fcbertragen, zu verbreiten, vorzuf\u00fchren, hochzuladen, anzuzeigen, zu lizenzieren, zu verkaufen oder zu verwerten sowie ein Reverse Engineering vorzunehmen. Jede nicht autorisierte Verwendung von Network King-Inhalten wird als Verletzung des Urheberrechts und der geistigen Eigentumsrechte von Network King angesehen.<\/p>\n\n\n\n<p><strong>4. GEISTIGES EIGENTUM AN DER SOFTWARE UND DEN ZUR VERF\u00dcGUNG GESTELLTEN MATERIALIEN<\/strong><\/p>\n\n\n\n<p><strong>4.1 Geistiges Eigentum.<\/strong> F\u00fcr uns bei Network King ist die Qualit\u00e4t der Ihnen zur Verf\u00fcgung gestellten Materialien von gr\u00f6\u00dfter Bedeutung. Ihre Erstellung ist das Ergebnis harter Arbeit und des Engagements unserer Redakteure und Entwickler. Wir bekr\u00e4ftigen daher, dass Network King gew\u00e4hrleistet, dass alle Rechte, Titel und Interessen (einschlie\u00dflich, aber nicht beschr\u00e4nkt auf Urheberrechte, Markenrechte und andere Rechte an geistigem Eigentum) an dem von uns bereitgestellten Dienst bei Network King verbleiben.<\/p>\n\n\n\n<p><strong>4.2 Kein Erwerb von Rechten.<\/strong> Sie erwerben keine Eigentumsrechte an den Diensten und Inhalten von Network King, es sei denn, sie werden in diesen Nutzungsbedingungen ausdr\u00fccklich gew\u00e4hrt.<\/p>\n\n\n\n<p><strong>4.3 Herunterladen von Inhalten. Es ist Ihnen untersagt, unsere Inhalte herunterzuladen, um sie in einer Datenbank zu speichern und jemand anderem als Ihnen anzubieten. Sie d\u00fcrfen die von uns zur Verf\u00fcgung gestellten Inhalte nicht verwenden, um eine Datenbank oder einen Dienst zu erstellen, der in irgendeiner Weise mit unserem Gesch\u00e4ft konkurriert.<\/strong><\/p>\n\n\n\n<p><strong>5. BESCHWERDEN \u00dcBER URHEBERRECHTSVERLETZUNGEN<\/strong><\/p>\n\n\n\n<p><strong>5.1 Verletzung von Rechten. <\/strong>Behauptungen \u00fcber Urheberrechtsverletzungen von Inhalten, die auf Network King verf\u00fcgbar sind, sollten per E-Mail an info@network-king.neteingereicht werden<strong>.<\/strong><\/p>\n\n\n\n<p><strong>6. VERANTWORTLICHKEITEN DES ANWENDERS UND NETWORK KING<\/strong><\/p>\n\n\n\n<p><strong>6.1. Verantwortung f\u00fcr die Verwendung.<\/strong> Sie sind allein f\u00fcr die Nutzung von Network King verantwortlich und haben die Regeln dieser Nutzungsbedingungen sowie die f\u00fcr Network King geltenden Gesetze einzuhalten.<\/p>\n\n\n\n<p>Network King, seine Kontrolleure , Tochtergesellschaften, Partner oder Mitarbeiter haften in keinem Fall f\u00fcr direkte oder indirekte Sch\u00e4den, die aus oder im Zusammenhang mit dem Zugang, der Nutzung oder der Unm\u00f6glichkeit des Zugangs oder der Nutzung von Network King entstehen.<\/p>\n\n\n\n<p><strong>6.3 Keine Haftung. AUFGRUND DER INH\u00c4RENTEN EIGENSCHAFTEN DER INTERNET-UMGEBUNG IST NETWORK KING NICHT VERANTWORTLICH F\u00dcR UNTERBRECHUNGEN ODER AUSSETZUNGEN DER VERBINDUNG, UNVOLLST\u00c4NDIGE ODER FEHLGESCHLAGENE COMPUTER\u00dcBERTRAGUNGEN ODER TECHNISCHES VERSAGEN JEGLICHER ART, EINSCHLIESSLICH, ABER NICHT BESCHR\u00c4NKT AUF ELEKTRONISCHE ST\u00d6RUNGEN VON NETZWERKEN, HARDWARE ODER SOFTWARE. NICHTVERF\u00dcGBARKEIT DES INTERNETZUGANGS ODER ZU NETWORK KING SOWIE UNGENAUE ODER UNVOLLST\u00c4NDIGE INFORMATIONEN \u00dcBER NETWORK KING UND MENSCHLICHES, TECHNISCHES ODER SONSTIGES VERSAGEN BEI DER VERARBEITUNG VON NETWORK KING-INFORMATIONEN SIND NICHT VON NETWORK KING ZU VERTRETEN. NETWORK KING LEHNT JEDE HAFTUNG AB, DIE SICH AUS SOLCHEN EREIGNISSEN UND\/ODER HANDLUNGEN ERGIBT.<\/strong><\/p>\n\n\n\n<p><strong>6.4 Verlust von Gewinnen.<\/strong> Soweit gesetzlich zul\u00e4ssig, haften Network King und die Zulieferer oder Vertreiber nicht f\u00fcr entgangenen Gewinn, entgangene Einnahmen, Datenverluste, finanzielle Verluste oder f\u00fcr indirekte, besondere oder Folgesch\u00e4den sowie f\u00fcr Sch\u00e4den mit Strafcharakter.<\/p>\n\n\n\n<p><strong>6.5 Wartung.<\/strong> Es liegt in Ihrer alleinigen Verantwortung, die Umgebung Ihres Ger\u00e4ts (Computer, Mobiltelefon, Tablet u. a.) sicher zu halten, indem Sie verf\u00fcgbare Tools wie Antivirus, Firewall u. a. verwenden, um zur Vermeidung elektronischer Risiken beizutragen.<\/p>\n\n\n\n<p><strong>6.6 Externe Links.<\/strong> Es ist m\u00f6glich, dass Network King Links zu Websites und Anwendungen von Dritten enth\u00e4lt sowie \u00fcber integrierte Technologien verf\u00fcgt. Dies bedeutet in keiner Weise, dass Network King die Eigent\u00fcmer solcher Websites oder Anwendungen unterst\u00fctzt, \u00fcberpr\u00fcft, garantiert oder in irgendeiner Weise mit ihnen in Verbindung steht und nicht f\u00fcr deren Inhalt, Genauigkeit, Richtlinien, Praktiken oder Meinungen verantwortlich ist. Network King empfiehlt Ihnen, die Nutzungsbedingungen und Datenschutzrichtlinien jeder Website oder jedes Dienstes von Drittanbietern zu lesen, die Sie m\u00f6glicherweise besuchen oder nutzen.<\/p>\n\n\n\n<p><strong>7. WIE GEHT NETWORK KING MIT DEN INHALTEN UM, DIE SIE UND ANDERE BENUTZER PRODUZIEREN?<\/strong><\/p>\n\n\n\n<p><strong>7.1 Erstellung von Inhalten. <\/strong>Network King kann Ihnen oder anderen Nutzern nach eigenem Ermessen gestatten, Text-, Bild-, Audio- oder Videoinhalte oder Informationen (\u201e<strong>Nutzerinhalte<\/strong>\u201c) einzureichen, hochzuladen, zu ver\u00f6ffentlichen oder in der Anwendung verf\u00fcgbar zu machen.<\/p>\n\n\n\n<p><strong>7.2 Verbotene Inhalte.<\/strong> Jegliche Benutzerinhalte, die nach dem alleinigen Ermessen von Network King diffamierend, verleumderisch, beleidigend, gewaltt\u00e4tig, pornografisch, obsz\u00f6n, anst\u00f6\u00dfig oder rechtswidrig sind, einschlie\u00dflich urheberrechtlich gesch\u00fctzter Informationen, die anderen Personen oder Unternehmen geh\u00f6ren (z.&nbsp;B. Urheberrechte, Marken), sind ohne die ausdr\u00fcckliche Erlaubnis des Eigent\u00fcmers dieser Rechte, f\u00fcr deren Verletzung Network King nicht verantwortlich ist, verboten.<\/p>\n\n\n\n<p><strong>7.3 Eigentumsrecht an Inhalten.<\/strong> Alle von Ihnen bereitgestellten Benutzerinhalte bleiben Ihr Eigentum. Indem Sie diese jedoch Network King zur Verf\u00fcgung stellen, gew\u00e4hren Sie uns eine weltweite, unbefristete, unentgeltliche, \u00fcbertragbare Lizenz und das Recht, diese Nutzerinhalte in allen m\u00f6glichen Formaten und Vertriebskan\u00e4len zu unterlizenzieren, zu nutzen, zu kopieren, zu modifizieren, davon abgeleitete Werke zu erstellen, zu verbreiten, zu ver\u00f6ffentlichen, anzuzeigen, ohne dass Sie davon in Kenntnis gesetzt werden m\u00fcssen, und ohne dass daf\u00fcr eine Verg\u00fctung erforderlich ist, sofern dies mit dem Betrieb der Plattform in Zusammenhang steht. <strong>Dar\u00fcber hinaus werden alle gesammelten Benutzer- und Browsing-Daten durch Verschl\u00fcsselung gesch\u00fctzt, was bedeutet, dass wir f\u00fcr solche Inhalte \u201eblind\u201c sind.<\/strong><\/p>\n\n\n\n<p><strong>7.4 L\u00f6schung von Inhalten.<\/strong> Network King ist berechtigt, aber nicht verpflichtet, Benutzerinhalte nach eigenem Ermessen jederzeit und ohne Angabe von Gr\u00fcnden zu \u00fcberpr\u00fcfen, zu \u00fcberwachen und zu entfernen, ohne Sie dar\u00fcber zu informieren.<\/p>\n\n\n\n<p><strong>8. WAS MUSS ICH SONST NOCH \u00dcBER DIESE NUTZUNGSBEDINGUNGEN WISSEN?<\/strong><\/p>\n\n\n\n<p><strong>8.1 \u00c4nderungen.<\/strong> Um Ihr Erlebnis zu verbessern, wird Network King st\u00e4ndig aktualisiert. Aus diesem Grund k\u00f6nnen diese Nutzungsbedingungen jederzeit ge\u00e4ndert werden, um vorgenommene Anpassungen zu ber\u00fccksichtigen. \u00dcber jede \u00c4nderung werden Sie jedoch im Voraus \u00fcber die von Ihnen bei der Registrierung angegebene E-Mail-Adresse oder durch einen auff\u00e4lligen Hinweis in der Anwendung informiert. Wenn Sie mit den neuen Nutzungsbedingungen nicht einverstanden sind, k\u00f6nnen Sie diese ablehnen, was aber leider zur Folge hat, dass Sie nicht mehr auf Network King zugreifen und es nutzen k\u00f6nnen. Wenn Sie Network King trotzdem nutzen, auch nachdem diese Nutzungsbedingungen ge\u00e4ndert wurden, bedeutet dies, dass Sie <strong>mit allen \u00c4nderungen einverstanden sind<\/strong>.<\/p>\n\n\n\n<p><strong>8.2 Widerspr\u00fcche zwischen Bestimmungen. Im Falle eines Konflikts zwischen diesen Bedingungen und den \u00c4nderungsbedingungen haben die letzteren Bedingungen in Bezug auf einen solchen Konflikt Vorrang.<\/strong><\/p>\n\n\n\n<p><strong>8.3 Recht und Gerichtsstand.<\/strong> Diese Nutzungsbedingungen unterliegen den Gesetzen der F\u00f6derativen Republik Brasilien. Jegliche Zweifel und Situationen, die in diesen Nutzungsbedingungen nicht vorgesehen sind, werden in erster Linie von Network King gel\u00f6st und, falls sie andauern, von den Gerichten des Bezirks S\u00e3o Paulo, S\u00e3o Paulo, unter Ausschluss jeglicher anderer, wie auch immer privilegierter, gel\u00f6st. <\/p>\n\n\n\n<p><strong>8.4 Fragen.<\/strong> Wenn Sie Fragen, Kommentare oder Anregungen haben, kontaktieren Sie uns bitte per E-Mail unter network-king@theshift.info<\/p>\n\n\n\n<hr class=\"wp-block-separator has-css-opacity\"\/>\n\n\n\n<p><a><\/a><\/p>\n","protected":false},"excerpt":{"rendered":"<p>Network King-NUTZUNGSBEDINGUNGEN Version 1.0. Erste Ver\u00f6ffentlichung: 01. Juni 2020Version 1.01. Aktualisiert am 04. Mai 2021 Willkommen bei Network King! Danke, dass Sie Network King verwenden! Diese Anwendung und ihre Inhalte (&#8222;Network King&#8222;) werden von The Shift selbst kontrolliert und betrieben. Alle Rechte vorbehalten. In \u00dcbereinstimmung mit der Bestimmung des Art. 41 des Allgemeinen Datenschutzgesetzes ernennt&#8230;<\/p>\n","protected":false},"author":5,"featured_media":0,"parent":0,"menu_order":0,"comment_status":"closed","ping_status":"closed","template":"","meta":{"_acf_changed":false,"footnotes":""},"class_list":["post-1398","page","type-page","status-publish","hentry"],"acf":[],"_links":{"self":[{"href":"https:\/\/network-king.net\/de\/wp-json\/wp\/v2\/pages\/1398","targetHints":{"allow":["GET"]}}],"collection":[{"href":"https:\/\/network-king.net\/de\/wp-json\/wp\/v2\/pages"}],"about":[{"href":"https:\/\/network-king.net\/de\/wp-json\/wp\/v2\/types\/page"}],"author":[{"embeddable":true,"href":"https:\/\/network-king.net\/de\/wp-json\/wp\/v2\/users\/5"}],"replies":[{"embeddable":true,"href":"https:\/\/network-king.net\/de\/wp-json\/wp\/v2\/comments?post=1398"}],"version-history":[{"count":1,"href":"https:\/\/network-king.net\/de\/wp-json\/wp\/v2\/pages\/1398\/revisions"}],"predecessor-version":[{"id":1399,"href":"https:\/\/network-king.net\/de\/wp-json\/wp\/v2\/pages\/1398\/revisions\/1399"}],"wp:attachment":[{"href":"https:\/\/network-king.net\/de\/wp-json\/wp\/v2\/media?parent=1398"}],"curies":[{"name":"wp","href":"https:\/\/api.w.org\/{rel}","templated":true}]}}